{"id":116,"date":"2017-09-12T21:02:59","date_gmt":"2017-09-12T19:02:59","guid":{"rendered":"http:\/\/www.valbus2.com\/?page_id=116"},"modified":"2025-11-20T17:24:38","modified_gmt":"2025-11-20T16:24:38","slug":"bova-futura","status":"publish","type":"page","link":"https:\/\/www.valbus2.com\/","title":{"rendered":""},"content":{"rendered":"\n<p><\/p>\n\n\n<h3><strong>Autobusov\u00e1 doprava po \u010cesk\u00e9 Republice a zahrani\u010d\u00ed<\/strong><\/h3>\n<p>Autobus je ro\u010dn\u00edk 2012.<\/p>\n<p>\u0158idi\u010d je star\u00fd boomer, kter\u00fd nesn\u00e1\u0161\u00ed krav\u00e1l a svin\u010d\u00edk, nezvladateln\u00e9 opilce a zlobiv\u00e9 d\u011bti, ob\u017eerstv\u00ed v autobusu a boty od bl\u00e1ta.<\/p>\n<p>&#8211; WIFI nem\u00e1me<\/p>\n<p>&#8211; kafe neva\u0159\u00edme<\/p>\n<p>&#8211; u McDonaldu nezastavujeme<\/p>\n<p>&nbsp;<br>\n&nbsp;<\/p>\n\n\n<h3 class=\"wp-block-heading\">Nez\u00e1vazn\u00e1 popt\u00e1vka autobusov\u00e9 dopravy<\/h3>\n\n\n\n<p>Zvolte bezpe\u010dnost a komfort! Zvolte Valbus2 s.r.o.     <a href=\"https:\/\/www.valbus2.com\/index.php\/poptavkovy-formular\/\" target=\"_blank\" rel=\"noreferrer noopener\">ZDE<\/a><\/p>\n\n\n<p>&nbsp;<br>\n&nbsp;<\/p>\n<h3>Autobus<\/h3>\n<p><strong data-rich-text-format-boundary=\"true\">VDL Futura r.v.2012<\/strong> Tento autobus, kter\u00e9 pojme 49+1 cestuj\u00edc\u00edch je ur\u010deny p\u0159edev\u0161\u00edm na dlouh\u00e9 trat\u011b. Pro komfort a bezpe\u010d\u00ed cestuj\u00edc\u00edch je vybaven mnoha prvky, jako nap\u0159\u00edklad polohovateln\u00fdmi sedadly s bezpe\u010dnostn\u00edmi p\u00e1sy, klimatizac\u00ed&nbsp;<\/p>\n\n\n<h3 class=\"wp-block-heading\"><\/h3>\n\n\n\n<p><\/p>\n\n\n\n<p><a href=\"https:\/\/www.valbus2.com\/index.php\/vozovy-park\/vdl-futura\/\">V\u00edce zde &#8211; VDL Futura<\/a><\/p>\n","protected":false},"excerpt":{"rendered":"<p>Autobusov\u00e1 doprava po \u010cesk\u00e9 Republice a zahrani\u010d\u00ed Autobus je ro\u010dn\u00edk 2012. \u0158idi\u010d je star\u00fd boomer, kter\u00fd nesn\u00e1\u0161\u00ed krav\u00e1l a svin\u010d\u00edk, nezvladateln\u00e9 opilce a zlobiv\u00e9 d\u011bti, ob\u017eerstv\u00ed v autobusu a boty od bl\u00e1ta. &#8211; WIFI nem\u00e1me &#8211; kafe neva\u0159\u00edme &#8211; u<\/p>\n","protected":false},"author":1,"featured_media":0,"parent":84,"menu_order":0,"comment_status":"closed","ping_status":"closed","template":"","meta":{"footnotes":""},"class_list":["post-116","page","type-page","status-publish","hentry"],"_links":{"self":[{"href":"https:\/\/www.valbus2.com\/index.php\/wp-json\/wp\/v2\/pages\/116","targetHints":{"allow":["GET"]}}],"collection":[{"href":"https:\/\/www.valbus2.com\/index.php\/wp-json\/wp\/v2\/pages"}],"about":[{"href":"https:\/\/www.valbus2.com\/index.php\/wp-json\/wp\/v2\/types\/page"}],"author":[{"embeddable":true,"href":"https:\/\/www.valbus2.com\/index.php\/wp-json\/wp\/v2\/users\/1"}],"replies":[{"embeddable":true,"href":"https:\/\/www.valbus2.com\/index.php\/wp-json\/wp\/v2\/comments?post=116"}],"version-history":[{"count":0,"href":"https:\/\/www.valbus2.com\/index.php\/wp-json\/wp\/v2\/pages\/116\/revisions"}],"up":[{"embeddable":true,"href":"https:\/\/www.valbus2.com\/index.php\/wp-json\/wp\/v2\/pages\/84"}],"wp:attachment":[{"href":"https:\/\/www.valbus2.com\/index.php\/wp-json\/wp\/v2\/media?parent=116"}],"curies":[{"name":"wp","href":"https:\/\/api.w.org\/{rel}","templated":true}]}}